{"id":26,"date":"2025-11-24T12:56:57","date_gmt":"2025-11-24T11:56:57","guid":{"rendered":"https:\/\/misty.se\/?page_id=26"},"modified":"2025-12-15T12:17:33","modified_gmt":"2025-12-15T11:17:33","slug":"om-oss","status":"publish","type":"page","link":"https:\/\/misty.se\/en\/om-oss\/","title":{"rendered":"About us"},"content":{"rendered":"<section class=\"mht-block mht-block-cta mht-block-cta-804f7f4152e0d1d0469dd5fecb234642 cta-om-oss\" style=\"margin-bottom:var(--mht-block-cta-section-margin-bottom)\">\n\n    \n<style id='mht-block-cta-804f7f4152e0d1d0469dd5fecb234642-vars'>section.mht-block-cta-804f7f4152e0d1d0469dd5fecb234642{--mht-block-cta-section-margin-bottom:-40px;--mht-block-section-rich-bg-color:var(--mht-color-dark);--mht-block-section-rich-bg-image:url('https:\/\/misty.se\/wp-content\/uploads\/2025\/11\/shutterstock_2134656163@2x.webp');--mht-block-cta-image-grid-column:1\/span 6;--mht-block-cta-texts-grid-column:7\/span 6;--mht-block-cta-texts-padding-top:80px;--mht-block-cta-texts-padding-right:60px;--mht-block-cta-texts-padding-bottom:80px;--mht-block-cta-texts-padding-left:60px;--mht-block-cta-title-color:var(--mht-color-accent);--mht-block-cta-title-margin-bottom:25px;--mht-block-cta-desc-color:var(--mht-color-white);--mht-block-cta-desc-margin-bottom:46px}@media(max-width:991.98px){section.mht-block-cta-804f7f4152e0d1d0469dd5fecb234642{--mht-block-cta-content-row-gap:30px;--mht-block-cta-image-grid-column:1 \/ -1;--mht-block-cta-texts-grid-column:1 \/ -1;--mht-block-cta-texts-padding-top:0;--mht-block-cta-texts-padding-right:24px;--mht-block-cta-texts-padding-bottom:100px;--mht-block-cta-texts-padding-left:24px}}<\/style>\n\n    <div class=\"section-rich-bg rich-bg\" style=\"background-color:var(--mht-block-section-rich-bg-color);background-image:var(--mht-block-section-rich-bg-image)\">\n            <\/div>\n\n    <div class=\"container\">\n        <div class=\"section-content\">\n            <div class=\"section-content--inner mht-grid content-order-d-image_texts content-order-m-image_texts align-items-center\" style=\"row-gap:var(--mht-block-cta-content-row-gap)\">\n\n                                    <figure class=\"cta--image\" style=\"grid-column:var(--mht-block-cta-image-grid-column)\">\n                        <img loading=\"lazy\" decoding=\"async\" width=\"575\" height=\"593\" src=\"https:\/\/misty.se\/wp-content\/uploads\/2025\/11\/shutterstock_2134656163@2x1-575x593.webp\" class=\"display-m\" alt=\"\" srcset=\"https:\/\/misty.se\/wp-content\/uploads\/2025\/11\/shutterstock_2134656163@2x1-575x593.webp 575w, https:\/\/misty.se\/wp-content\/uploads\/2025\/11\/shutterstock_2134656163@2x1-291x300.webp 291w, https:\/\/misty.se\/wp-content\/uploads\/2025\/11\/shutterstock_2134656163@2x1-768x792.webp 768w, https:\/\/misty.se\/wp-content\/uploads\/2025\/11\/shutterstock_2134656163@2x1-12x12.webp 12w, https:\/\/misty.se\/wp-content\/uploads\/2025\/11\/shutterstock_2134656163@2x1.webp 780w\" sizes=\"auto, (max-width: 575px) 100vw, 575px\" \/>                    <\/figure><!-- .cta--image -->\n                \n                <div class=\"cta--texts\" style=\"grid-column:var(--mht-block-cta-texts-grid-column);padding-top:var(--mht-block-cta-texts-padding-top);padding-right:var(--mht-block-cta-texts-padding-right);padding-bottom:var(--mht-block-cta-texts-padding-bottom);padding-left:var(--mht-block-cta-texts-padding-left)\">\n                    \n                                            <h1 class=\"cta--title mht-heading h2\" style=\"color:var(--mht-block-cta-title-color);margin-bottom:var(--mht-block-cta-title-margin-bottom)\">                            Your music. Your right. Our mission.                        <\/h1>                    \n                                            <div class=\"cta--desc mht-wysiwyg\" style=\"color:var(--mht-block-cta-desc-color);margin-bottom:var(--mht-block-cta-desc-margin-bottom)\">\n                            <p data-path-to-node=\"5\">Misty Music is not like the big giants. We are an independent music publisher that has specialised in managing and developing music rights for over 50 years. Our business rests securely on three pillars that together maximise your income:<\/p>\n<ul>\n<li data-path-to-node=\"5\"><b>Sub-publishing in the Nordic countries:<\/b> We represent foreign catalogues and act as local experts. We ensure that international music is not only played, but also correctly cleared in Sweden and the other Nordic countries.<\/li>\n<li data-path-to-node=\"3\"><b>We will find the money:<\/b> We don't settle for standard solutions. We scrutinise settlements, chase down missed claims and often pay out faster than industry standards.<\/li>\n<li data-path-to-node=\"4\"><b>Film and advertising:<\/b> We don't just manage - we sell in. Through our wide network, we actively place music in commercials and TV productions.<\/li>\n<\/ul>\n<p data-path-to-node=\"5\">We are proud to be a family business, with the next generation now standing by. This guarantees a long-term perspective for you as a partner; we are not going anywhere.<\/p>\n                        <\/div>\n                    \n                                            <div class=\"cta--links\">\n                            <div class=\"mht-links\">\n                                <a\n        class=\"btn btn-primary\"\n        href=\"https:\/\/misty.se\/en\/film-reklam\/\"\n                    >\n\n    <span class=\"btn--text\">Learn more<\/span>\n\n    <\/a>\n            \n        <\/div>                        <\/div>\n                                    <\/div><!-- .cta--texts -->\n\n            <\/div><!-- .section-content-inner -->\n        <\/div><!-- .section-content -->\n    <\/div><!-- .container -->\n\n<\/section>\n\n\n\n<div>\n<div class=\"container gb-element-82847a67 last-child-mb-0\">\n<div class=\"gb-element-ba1acf5e last-child-mb-0\">\n<p class=\"gb-text mht-subtitle gb-text-4bbd1c28\">THE TEAM<\/p>\n\n\n\n<h2 class=\"gb-text h1\">Who are we?<\/h2>\n<\/div>\n<\/div>\n\n\n\n<div class=\"container\">\n<div class=\"home-team-grid\"><div class=\"gb-looper-0b5ce19b\">\n<div class=\"gb-loop-item last-child-mb-0 gb-loop-item-4282ef83 post-260 profile type-profile status-publish has-post-thumbnail hentry collection-team label-vd label-agare\">\n<img loading=\"lazy\" decoding=\"async\" width=\"552\" height=\"566\" data-media-id=\"267\" class=\"gb-media-6140f036\" src=\"https:\/\/misty.se\/wp-content\/uploads\/2025\/11\/Anders-Moren1@2x.webp\" alt=\"Mr Anders M\u00f6r\u00e9n\" srcset=\"https:\/\/misty.se\/wp-content\/uploads\/2025\/11\/Anders-Moren1@2x.webp 552w, https:\/\/misty.se\/wp-content\/uploads\/2025\/11\/Anders-Moren1@2x-293x300.webp 293w, https:\/\/misty.se\/wp-content\/uploads\/2025\/11\/Anders-Moren1@2x-12x12.webp 12w\" sizes=\"auto, (max-width: 552px) 100vw, 552px\" \/>\n\n\n\n<h2 class=\"gb-text h5 gb-text-f7bf8ea9 post-title\">Mr Anders M\u00f6r\u00e9n<\/h2>\n\n\n\n<p class=\"gb-text post-tags\"><span>CEO<\/span>, <span>Owner<\/span><\/p>\n<\/div>\n\n<div class=\"gb-loop-item last-child-mb-0 gb-loop-item-4282ef83 post-306 profile type-profile status-publish has-post-thumbnail hentry collection-vara-latskrivare collection-team label-artist label-forfattare label-latskrivare label-producent\">\n<img loading=\"lazy\" decoding=\"async\" width=\"552\" height=\"566\" data-media-id=\"307\" class=\"gb-media-6140f036\" src=\"https:\/\/misty.se\/wp-content\/uploads\/2025\/11\/Sulo-Karlsson@2x.webp\" alt=\"S\u00f6ren \u201dSulo\u201d Karlsson\" srcset=\"https:\/\/misty.se\/wp-content\/uploads\/2025\/11\/Sulo-Karlsson@2x.webp 552w, https:\/\/misty.se\/wp-content\/uploads\/2025\/11\/Sulo-Karlsson@2x-293x300.webp 293w, https:\/\/misty.se\/wp-content\/uploads\/2025\/11\/Sulo-Karlsson@2x-12x12.webp 12w\" sizes=\"auto, (max-width: 552px) 100vw, 552px\" \/>\n\n\n\n<h2 class=\"gb-text h5 gb-text-f7bf8ea9 post-title\">S\u00f6ren \u201dSulo\u201d Karlsson<\/h2>\n\n\n\n<p class=\"gb-text post-tags\"><span>Artist<\/span>, <span>Author<\/span>, <span>Songwriters<\/span>, <span>Producer<\/span><\/p>\n<\/div>\n\n<div class=\"gb-loop-item last-child-mb-0 gb-loop-item-4282ef83 post-308 profile type-profile status-publish has-post-thumbnail hentry collection-vara-latskrivare collection-team label-artist label-latskrivare\">\n<img loading=\"lazy\" decoding=\"async\" width=\"552\" height=\"566\" data-media-id=\"311\" class=\"gb-media-6140f036\" src=\"https:\/\/misty.se\/wp-content\/uploads\/2025\/11\/AnnaVH@2x.webp\" alt=\"Anna von Hausswolff\" srcset=\"https:\/\/misty.se\/wp-content\/uploads\/2025\/11\/AnnaVH@2x.webp 552w, https:\/\/misty.se\/wp-content\/uploads\/2025\/11\/AnnaVH@2x-293x300.webp 293w, https:\/\/misty.se\/wp-content\/uploads\/2025\/11\/AnnaVH@2x-12x12.webp 12w\" sizes=\"auto, (max-width: 552px) 100vw, 552px\" \/>\n\n\n\n<h2 class=\"gb-text h5 gb-text-f7bf8ea9 post-title\">Anna von Hausswolff<\/h2>\n\n\n\n<p class=\"gb-text post-tags\"><span>Artist<\/span>, <span>Songwriters<\/span><\/p>\n<\/div>\n\n<div class=\"gb-loop-item last-child-mb-0 gb-loop-item-4282ef83 post-309 profile type-profile status-publish has-post-thumbnail hentry collection-vara-latskrivare collection-team label-artist label-latskrivare label-producent\">\n<img loading=\"lazy\" decoding=\"async\" width=\"552\" height=\"566\" data-media-id=\"310\" class=\"gb-media-6140f036\" src=\"https:\/\/misty.se\/wp-content\/uploads\/2025\/11\/JohnAE@2x.webp\" alt=\"John Alexander Ericson\" srcset=\"https:\/\/misty.se\/wp-content\/uploads\/2025\/11\/JohnAE@2x.webp 552w, https:\/\/misty.se\/wp-content\/uploads\/2025\/11\/JohnAE@2x-293x300.webp 293w, https:\/\/misty.se\/wp-content\/uploads\/2025\/11\/JohnAE@2x-12x12.webp 12w\" sizes=\"auto, (max-width: 552px) 100vw, 552px\" \/>\n\n\n\n<h2 class=\"gb-text h5 gb-text-f7bf8ea9 post-title\">John Alexander Ericson<\/h2>\n\n\n\n<p class=\"gb-text post-tags\"><span>Artist<\/span>, <span>Songwriters<\/span>, <span>Producer<\/span><\/p>\n<\/div>\n<\/div>\n\n<\/div>\n<\/div>\n<\/div>\n\n\n\n<div class=\"container gb-element-3e2229d7 last-child-mb-0\">\n<div class=\"gb-element-ecdef5c4 last-child-mb-0\">\n<p class=\"gb-text mht-subtitle gb-text-5c500b7e\">MISTY MUSIC<\/p>\n\n\n\n<h2 class=\"gb-text h1 gb-text-cf9dd35d\">We find the revenue that the system misses.<\/h2>\n<\/div>\n<\/div>\n\n\n\n<div class=\"container\">\n<div class=\"gb-element-4cd79145\">\n<div class=\"gb-element-b1410830\">\n<div class=\"gb-element-c2831466\">\n<div class=\"gb-element-55a58738\">\n<h2 class=\"gb-text h1\">Why is a publisher needed when STIM exists?<\/h2>\n<\/div>\n<\/div>\n\n\n\n<div class=\"gb-element-e35f0b4c\">\n<div class=\"last-child-mb-0 gb-element-44d906d7\">\n<p>This is a question we are often asked. Organisations like STIM do an important job of raising money on a global level, but they function very much like a giant collection machine. They are reactive. We work proactively. The difference is in the details - and the details are where the money often gets stuck.<\/p>\n\n\n\n<p>The music industry today is extremely concerned with metadata. If a song is registered incorrectly, if a percentage is missing or if the title is misspelled in a report from abroad, STIM does not know who to pay. The money then risks ending up in a \u201dblack box\u201d until someone claims it. We act as detectives and scrutinise the data before problems arise, so you get paid for what you actually created without it getting lost in the bureaucratic noise.<\/p>\n\n\n\n<p>It's also about speed. When money travels the usual route between copyright societies in different countries, it can take a long time to reach your account. As we often collect remunerations directly from the source - for example via our partners in Japan, Germany or the United States - we can shorten lead times significantly. We make sure that the cash flow works and that the money reaches you faster than through traditional systems.<\/p>\n<\/div>\n<\/div>\n<\/div>\n<\/div>\n<\/div>","protected":false},"excerpt":{"rendered":"<p>MISTY MUSIC We find the revenue that the system misses. Why do you need a publisher when STIM exists? This is a question we are often asked. Organisations like STIM do an important job of raising money on a global level, but they function very much like a giant collection machine. They are reactive. We work proactively [...].<\/p>","protected":false},"author":1,"featured_media":0,"parent":0,"menu_order":5,"comment_status":"closed","ping_status":"closed","template":"","meta":{"_acf_changed":true,"inline_featured_image":false,"footnotes":""},"class_list":["post-26","page","type-page","status-publish","hentry"],"acf":[],"yoast_head":"<!-- This site is optimized with the Yoast SEO plugin v26.6 - https:\/\/yoast.com\/wordpress\/plugins\/seo\/ -->\n<title>Misty Music | Oberoende musikf\u00f6rlag<\/title>\n<meta name=\"description\" content=\"Ett oberoende musikf\u00f6rlag som hittar int\u00e4kterna systemet missar. Vi hj\u00e4lper upphovspersoner med r\u00e4ttigheter, subf\u00f6rlag och snabbare utbetalningar.\" \/>\n<meta name=\"robots\" content=\"index, follow, max-snippet:-1, max-image-preview:large, max-video-preview:-1\" \/>\n<link rel=\"canonical\" href=\"https:\/\/misty.se\/en\/om-oss\/\" \/>\n<meta property=\"og:locale\" content=\"en_GB\" \/>\n<meta property=\"og:type\" content=\"article\" \/>\n<meta property=\"og:title\" content=\"Misty Music | Oberoende musikf\u00f6rlag\" \/>\n<meta property=\"og:description\" content=\"Ett oberoende musikf\u00f6rlag som hittar int\u00e4kterna systemet missar. Vi hj\u00e4lper upphovspersoner med r\u00e4ttigheter, subf\u00f6rlag och snabbare utbetalningar.\" \/>\n<meta property=\"og:url\" content=\"https:\/\/misty.se\/en\/om-oss\/\" \/>\n<meta property=\"og:site_name\" content=\"Misty Music AB\" \/>\n<meta property=\"article:publisher\" content=\"https:\/\/www.facebook.com\/MistyMusicAB\/\" \/>\n<meta property=\"article:modified_time\" content=\"2025-12-15T11:17:33+00:00\" \/>\n<meta property=\"og:image\" content=\"https:\/\/misty.se\/wp-content\/uploads\/2026\/04\/Misty-Site-Image.png\" \/>\n\t<meta property=\"og:image:width\" content=\"1200\" \/>\n\t<meta property=\"og:image:height\" content=\"675\" \/>\n\t<meta property=\"og:image:type\" content=\"image\/png\" \/>\n<meta name=\"twitter:card\" content=\"summary_large_image\" \/>\n<meta name=\"twitter:label1\" content=\"Est. reading time\" \/>\n\t<meta name=\"twitter:data1\" content=\"2 minutes\" \/>\n<script type=\"application\/ld+json\" class=\"yoast-schema-graph\">{\"@context\":\"https:\/\/schema.org\",\"@graph\":[{\"@type\":\"WebPage\",\"@id\":\"https:\/\/misty.se\/om-oss\/\",\"url\":\"https:\/\/misty.se\/om-oss\/\",\"name\":\"Misty Music | Oberoende musikf\u00f6rlag\",\"isPartOf\":{\"@id\":\"https:\/\/misty.se\/#website\"},\"datePublished\":\"2025-11-24T11:56:57+00:00\",\"dateModified\":\"2025-12-15T11:17:33+00:00\",\"description\":\"Ett oberoende musikf\u00f6rlag som hittar int\u00e4kterna systemet missar. Vi hj\u00e4lper upphovspersoner med r\u00e4ttigheter, subf\u00f6rlag och snabbare utbetalningar.\",\"breadcrumb\":{\"@id\":\"https:\/\/misty.se\/om-oss\/#breadcrumb\"},\"inLanguage\":\"en-GB\",\"potentialAction\":[{\"@type\":\"ReadAction\",\"target\":[\"https:\/\/misty.se\/om-oss\/\"]}]},{\"@type\":\"BreadcrumbList\",\"@id\":\"https:\/\/misty.se\/om-oss\/#breadcrumb\",\"itemListElement\":[{\"@type\":\"ListItem\",\"position\":1,\"name\":\"Home\",\"item\":\"https:\/\/misty.se\/\"},{\"@type\":\"ListItem\",\"position\":2,\"name\":\"Om oss\"}]},{\"@type\":\"WebSite\",\"@id\":\"https:\/\/misty.se\/#website\",\"url\":\"https:\/\/misty.se\/\",\"name\":\"Misty Music AB\",\"description\":\"\",\"publisher\":{\"@id\":\"https:\/\/misty.se\/#organization\"},\"potentialAction\":[{\"@type\":\"SearchAction\",\"target\":{\"@type\":\"EntryPoint\",\"urlTemplate\":\"https:\/\/misty.se\/?s={search_term_string}\"},\"query-input\":{\"@type\":\"PropertyValueSpecification\",\"valueRequired\":true,\"valueName\":\"search_term_string\"}}],\"inLanguage\":\"en-GB\"},{\"@type\":[\"Organization\",\"Place\"],\"@id\":\"https:\/\/misty.se\/#organization\",\"name\":\"Misty Music AB\",\"url\":\"https:\/\/misty.se\/\",\"logo\":{\"@id\":\"https:\/\/misty.se\/om-oss\/#local-main-organization-logo\"},\"image\":{\"@id\":\"https:\/\/misty.se\/om-oss\/#local-main-organization-logo\"},\"sameAs\":[\"https:\/\/www.facebook.com\/MistyMusicAB\/\"],\"address\":{\"@id\":\"https:\/\/misty.se\/om-oss\/#local-main-place-address\"},\"geo\":{\"@type\":\"GeoCoordinates\",\"latitude\":\"59.33816290085747\",\"longitude\":\"18.09316740851271\"},\"telephone\":[\"086607755\"],\"openingHoursSpecification\":[],\"email\":\"info@misty.se\"},{\"@type\":\"PostalAddress\",\"@id\":\"https:\/\/misty.se\/om-oss\/#local-main-place-address\",\"streetAddress\":\"L\u00fctzengatan 12\",\"addressLocality\":\"Stockholm\",\"postalCode\":\"115 20\",\"addressCountry\":\"SE\"},{\"@type\":\"ImageObject\",\"inLanguage\":\"en-GB\",\"@id\":\"https:\/\/misty.se\/om-oss\/#local-main-organization-logo\",\"url\":\"https:\/\/misty.se\/wp-content\/uploads\/2026\/04\/Misty-Org-logo.png\",\"contentUrl\":\"https:\/\/misty.se\/wp-content\/uploads\/2026\/04\/Misty-Org-logo.png\",\"width\":696,\"height\":696,\"caption\":\"Misty Music AB\"}]}<\/script>\n<meta name=\"geo.placename\" content=\"Stockholm\" \/>\n<meta name=\"geo.position\" content=\"59.33816290085747;18.09316740851271\" \/>\n<meta name=\"geo.region\" content=\"Sweden\" \/>\n<!-- \/ Yoast SEO plugin. -->","yoast_head_json":{"title":"Misty Music | Independent music publisher","description":"An independent music publisher that finds the revenue the system misses. We help creators with rights, sub-publishing and faster payments.","robots":{"index":"index","follow":"follow","max-snippet":"max-snippet:-1","max-image-preview":"max-image-preview:large","max-video-preview":"max-video-preview:-1"},"canonical":"https:\/\/misty.se\/en\/om-oss\/","og_locale":"en_GB","og_type":"article","og_title":"Misty Music | Oberoende musikf\u00f6rlag","og_description":"Ett oberoende musikf\u00f6rlag som hittar int\u00e4kterna systemet missar. Vi hj\u00e4lper upphovspersoner med r\u00e4ttigheter, subf\u00f6rlag och snabbare utbetalningar.","og_url":"https:\/\/misty.se\/en\/om-oss\/","og_site_name":"Misty Music AB","article_publisher":"https:\/\/www.facebook.com\/MistyMusicAB\/","article_modified_time":"2025-12-15T11:17:33+00:00","og_image":[{"width":1200,"height":675,"url":"https:\/\/misty.se\/wp-content\/uploads\/2026\/04\/Misty-Site-Image.png","type":"image\/png"}],"twitter_card":"summary_large_image","twitter_misc":{"Est. reading time":"2 minutes"},"schema":{"@context":"https:\/\/schema.org","@graph":[{"@type":"WebPage","@id":"https:\/\/misty.se\/om-oss\/","url":"https:\/\/misty.se\/om-oss\/","name":"Misty Music | Independent music publisher","isPartOf":{"@id":"https:\/\/misty.se\/#website"},"datePublished":"2025-11-24T11:56:57+00:00","dateModified":"2025-12-15T11:17:33+00:00","description":"An independent music publisher that finds the revenue the system misses. We help creators with rights, sub-publishing and faster payments.","breadcrumb":{"@id":"https:\/\/misty.se\/om-oss\/#breadcrumb"},"inLanguage":"en-GB","potentialAction":[{"@type":"ReadAction","target":["https:\/\/misty.se\/om-oss\/"]}]},{"@type":"BreadcrumbList","@id":"https:\/\/misty.se\/om-oss\/#breadcrumb","itemListElement":[{"@type":"ListItem","position":1,"name":"Home","item":"https:\/\/misty.se\/"},{"@type":"ListItem","position":2,"name":"Om oss"}]},{"@type":"WebSite","@id":"https:\/\/misty.se\/#website","url":"https:\/\/misty.se\/","name":"Misty Music AB","description":"","publisher":{"@id":"https:\/\/misty.se\/#organization"},"potentialAction":[{"@type":"SearchAction","target":{"@type":"EntryPoint","urlTemplate":"https:\/\/misty.se\/?s={search_term_string}"},"query-input":{"@type":"PropertyValueSpecification","valueRequired":true,"valueName":"search_term_string"}}],"inLanguage":"en-GB"},{"@type":["Organization","Place"],"@id":"https:\/\/misty.se\/#organization","name":"Misty Music AB","url":"https:\/\/misty.se\/","logo":{"@id":"https:\/\/misty.se\/om-oss\/#local-main-organization-logo"},"image":{"@id":"https:\/\/misty.se\/om-oss\/#local-main-organization-logo"},"sameAs":["https:\/\/www.facebook.com\/MistyMusicAB\/"],"address":{"@id":"https:\/\/misty.se\/om-oss\/#local-main-place-address"},"geo":{"@type":"GeoCoordinates","latitude":"59.33816290085747","longitude":"18.09316740851271"},"telephone":["086607755"],"openingHoursSpecification":[],"email":"info@misty.se"},{"@type":"PostalAddress","@id":"https:\/\/misty.se\/om-oss\/#local-main-place-address","streetAddress":"L\u00fctzengatan 12","addressLocality":"Stockholm","postalCode":"115 20","addressCountry":"SE"},{"@type":"ImageObject","inLanguage":"en-GB","@id":"https:\/\/misty.se\/om-oss\/#local-main-organization-logo","url":"https:\/\/misty.se\/wp-content\/uploads\/2026\/04\/Misty-Org-logo.png","contentUrl":"https:\/\/misty.se\/wp-content\/uploads\/2026\/04\/Misty-Org-logo.png","width":696,"height":696,"caption":"Misty Music AB"}]},"geo.placename":"Stockholm","geo.position":{"lat":"59.33816290085747","long":"18.09316740851271"},"geo.region":"Sweden"},"_links":{"self":[{"href":"https:\/\/misty.se\/en\/wp-json\/wp\/v2\/pages\/26","targetHints":{"allow":["GET"]}}],"collection":[{"href":"https:\/\/misty.se\/en\/wp-json\/wp\/v2\/pages"}],"about":[{"href":"https:\/\/misty.se\/en\/wp-json\/wp\/v2\/types\/page"}],"author":[{"embeddable":true,"href":"https:\/\/misty.se\/en\/wp-json\/wp\/v2\/users\/1"}],"replies":[{"embeddable":true,"href":"https:\/\/misty.se\/en\/wp-json\/wp\/v2\/comments?post=26"}],"version-history":[{"count":0,"href":"https:\/\/misty.se\/en\/wp-json\/wp\/v2\/pages\/26\/revisions"}],"wp:attachment":[{"href":"https:\/\/misty.se\/en\/wp-json\/wp\/v2\/media?parent=26"}],"curies":[{"name":"wp","href":"https:\/\/api.w.org\/{rel}","templated":true}]}}